{"id":3,"date":"2021-11-16T12:58:08","date_gmt":"2021-11-16T11:58:08","guid":{"rendered":"http:\/\/erikakiffl.schwarzweiss-fotolabor.de\/?page_id=3"},"modified":"2022-05-04T21:22:37","modified_gmt":"2022-05-04T19:22:37","slug":"privacy-policy","status":"publish","type":"page","link":"https:\/\/erikakiffl.com\/gerhardrichter\/privacy-policy\/","title":{"rendered":"Impressum"},"content":{"rendered":"\n<p>Erika Kiffl<br>Degerstr. 29<br>D-40235 D\u00fcsseldorf<br><br>Phone: +49 (0)211 588544<\/p>\n\n\n\n<p>mail@schwarzweiss-fotolabor.de<\/p>\n\n\n\n<p>Schwarzwei\u00df Fotolabor<br>Albertstra\u00dfe 113<br>D-40233 D\u00fcsseldorf<\/p>\n\n\n\n<h2 class=\"wp-block-heading\">Links<\/h2>\n\n\n\n<p><a href=\"https:\/\/www.kunstpalast.de\/de\/museum\/sammlung\/forschung-und-dokumentation\/afork\">www.kunstpalast.de\/de\/museum\/sammlung\/forschung-und-dokumentation\/afork<\/a><br><a rel=\"noreferrer noopener\" href=\"http:\/\/www.antiquariat-querido.de\/\" target=\"_blank\">www.antiquariat-querido.de\/<\/a><\/p>\n\n\n\n<p><a href=\"http:\/\/www.erikakiffl.com\/Haftungshinweis.pdf\" target=\"_blank\" rel=\"noreferrer noopener\">Haftungshinweis zu externen Links<\/a><\/p>\n\n\n\n<h2 class=\"wp-block-heading\">Datenschutz<\/h2>\n\n\n\n<p>Die Betreiber der Seite der K\u00fcnstlerin Erika Kiffl nimmt den Schutz Ihrer personenbezogenen Daten sehr ernst und h\u00e4lt sich strikt an die Regeln der EU-Datenschutzgrundverordnung. Personenbezogene Daten werden auf dieser Webseite nur im technisch notwendigen Umfang erhoben. In keinem Fall werden die erhobenen Daten verkauft oder aus anderen Gr\u00fcnden an Dritte weitergegeben.<br>Die nachfolgende Erkl\u00e4rung gibt Ihnen einen \u00dcberblick dar\u00fcber, wie dieser Schutz gew\u00e4hrleistet wird und welche Art von Daten zu welchem Zweck erhoben wird:<\/p>\n\n\n\n<p><strong>Geltungsbereich<\/strong>:<br>Diese Datenschutzerkl\u00e4rung soll die Nutzerinnen und Nutzer dieser Website gem\u00e4\u00df Bundesdatenschutzgesetz und Telemediengesetz \u00fcber die Art, den Umfang und den Zweck der Erhebung und Verwendung personenbezogener Daten durch den Websitebetreiber Schwarzwei\u00df Fotolabor informieren.<br>Der Websitebetreiber nimmt Ihren Datenschutz sehr ernst und behandelt Ihre personenbezogenen Daten vertraulich und entsprechend der gesetzlichen Vorschriften.<br>Bedenken Sie, dass die Daten\u00fcbertragung im Internet grunds\u00e4tzlich mit Sicherheitsl\u00fccken verbunden sein kann. Ein vollumf\u00e4nglicher Schutz vor dem Zugriff durch Fremde ist nicht realisierbar.<\/p>\n\n\n\n<p><strong>Zugriffsdaten<\/strong>:&nbsp;<br>Der Websitebetreiber bzw. Seitenprovider erhebt Daten \u00fcber Zugriffe auf die Seite und speichert diese als \u201eServer-Logfiles\u201c ab. Folgende Daten werden so protokolliert:<\/p>\n\n\n\n<p>\u2013 Besuchte Website&nbsp;<br>\u2013 Uhrzeit zum Zeitpunkt des Zugriffes&nbsp;<br>\u2013 Menge der gesendeten Daten in Byte&nbsp;<br>\u2013 Quelle\/Verweis, von welchem Sie auf die Seite gelangten&nbsp;<br>\u2013 Verwendeter Browser&nbsp;<br>\u2013 Verwendetes Betriebssystem&nbsp;<br>\u2013 Verwendete IP-Adresse&nbsp;<br>\u2013 Die erhobenen Daten dienen lediglich statistischen Auswertungen und zur Verbesserung der Website.<\/p>\n\n\n\n<p>Der Websitebetreiber beh\u00e4lt sich allerdings vor, die Server-Logfiles nachtr\u00e4glich zu \u00fcberpr\u00fcfen, sollten konkrete Anhaltspunkte auf eine rechtswidrige Nutzung hinweisen.<\/p>\n\n\n\n<p><strong>Cookies:<br><\/strong>Diese Website verwendet Cookies. Dabei handelt es sich um kleine Textdateien, welche auf Ihrem Endger\u00e4t gespeichert werden. Ihr Browser greift auf diese Dateien zu. Durch den Einsatz von Cookies erh\u00f6ht sich die Benutzerfreundlichkeit und Sicherheit dieser Website.<br>G\u00e4ngige Browser bieten die Einstellungsoption, Cookies nicht zuzulassen. Hinweis: Es ist nicht gew\u00e4hrleistet, dass Sie auf alle Funktionen dieser Website ohne Einschr\u00e4nkungen zugreifen k\u00f6nnen, wenn Sie entsprechende Einstellungen vornehmen.<\/p>\n\n\n\n<p><strong>Umgang mit personenbezogenen Daten:<br><\/strong>Der Websitebetreiber erhebt, nutzt und gibt Ihre personenbezogenen Daten nur dann weiter, wenn dies im gesetzlichen Rahmen erlaubt ist oder Sie in die Datenerhebung einwilligen.<br>Als personenbezogene Daten gelten s\u00e4mtliche Informationen, welche dazu dienen, Ihre Person zu bestimmen und welche zu Ihnen zur\u00fcckverfolgt werden k\u00f6nnen \u2013 also beispielsweise Ihren Namen, Ihre E-Mail-Adresse und Telefonnummer.<\/p>\n\n\n\n<p><strong>Umgang mit Kontaktdaten:<br><\/strong>Nehmen Sie mit dem Websitebetreiber durch die angebotenen Kontaktm\u00f6glichkeiten Verbindung auf, werden Ihre Angaben gespeichert, damit auf diese zur Bearbeitung und Beantwortung Ihrer Anfrage zur\u00fcckgegriffen werden kann. Ohne Ihre Einwilligung werden diese Daten nicht an Dritte weitergegeben.<br>Umgang mit Kommentaren und Beitr\u00e4gen<br>Hinterlassen Sie auf dieser Website einen Beitrag oder Kommentar, wird Ihre IP-Adresse gespeichert. Dies dient der Sicherheit des Websitebetreibers: Verst\u00f6\u00dft Ihr Text gegen das Recht, m\u00f6chte er Ihre Identit\u00e4t nachverfolgen k\u00f6nnen.<br><br><strong>Abonnements:<br><\/strong>Sie haben die M\u00f6glichkeit, sowohl die gesamte Website als auch Nachfolgekommentare auf Ihren Beitrag zu abonnieren. Sie erhalten eine E-Mail zur Best\u00e4tigung Ihrer E-Mail-Adresse. Neben dieser werden keine weiteren Daten erhoben. Die gespeicherten Daten werden nicht an Dritte weitergereicht. Sie k\u00f6nnen ein Abonnement jederzeit abbestellen.<\/p>\n\n\n\n<p><strong>Kontaktformular und E-Mail-Kontakt:<br><\/strong>Auf unserer Internetseite ist ein Kontaktformular vorhanden, welches f\u00fcr die elektronische Kontaktaufnahme genutzt werden kann. Nimmt ein Nutzer diese M\u00f6glichkeit wahr, so werden die in der Eingabemaske eingegeben Daten an uns \u00fcbermittelt und gespeichert. Diese Daten sind: Name, E-Mail Adresse, Betreff und ihre pers\u00f6nliche Nachricht an uns. Im Zeitpunkt der Absendung der Nachricht werden zudem folgende Daten gespeichert: die IP-Adresse des Nutzers, Datum und Uhrzeit der Registrierung. F\u00fcr die Verarbeitung der Daten wird im Rahmen des Absendevorgangs Ihre Einwilligung eingeholt und auf diese Datenschutzerkl\u00e4rung verwiesen. Alternativ ist eine Kontaktaufnahme \u00fcber die bereitgestellte E-Mail-Adresse m\u00f6glich. In diesem Fall werden die mit der E-Mail \u00fcbermittelten personenbezogenen Daten der Nutzerin und des Nutzers gespeichert.<\/p>\n\n\n\n<p>Es erfolgt in diesem Zusammenhang keine Weitergabe der Daten an Dritte. Die Daten werden ausschlie\u00dflich f\u00fcr die Verarbeitung der Konversation verwendet. Rechtsgrundlage f\u00fcr die Verarbeitung der Daten ist bei Vorliegen einer Einwilligung der Nutzerin und des Nutzers Art.&nbsp;6 Abs.&nbsp;1 lit.&nbsp;a DSGVO.<\/p>\n\n\n\n<p>Rechtsgrundlage f\u00fcr die Verarbeitung der Daten, die im Zuge einer \u00dcbersendung einer E-Mail \u00fcbermittelt werden, ist Art.&nbsp;6 Abs.&nbsp;1 lit.&nbsp;f DSGVO. Zielt der E-Mail-Kontakt auf den Abschluss eines Vertrages ab, so ist zus\u00e4tzliche Rechtsgrundlage f\u00fcr die Verarbeitung Art.&nbsp;6 Abs.&nbsp;1 lit.&nbsp;b DSGVO. Die Verarbeitung der personenbezogenen Daten aus der Eingabemaske dient uns allein zur Bearbeitung der Kontaktaufnahme. Im Falle einer Kontaktaufnahme per E-Mail liegt hieran auch das erforderliche berechtigte Interesse an der Verarbeitung der Daten. Die sonstigen w\u00e4hrend des Absendevorgangs verarbeiteten personenbezogenen Daten dienen dazu, einen Missbrauch des Kontaktformulars zu verhindern und die Sicherheit unserer informationstechnischen Systeme sicherzustellen.<\/p>\n\n\n\n<p>Die Daten werden gel\u00f6scht, sobald sie f\u00fcr die Erreichung des Zweckes ihrer Erhebung nicht mehr erforderlich sind. F\u00fcr die personenbezogenen Daten aus der Eingabemaske des Kontaktformulars und diejenigen, die per E-Mail \u00fcbersandt wurden, ist dies dann der Fall, wenn die jeweilige Konversation mit der Nutzerin und des Nutzers beendet ist. Beendet ist die Konversation dann, wenn sich aus den Umst\u00e4nden entnehmen l\u00e4sst, dass der betroffene Sachverhalt abschlie\u00dfend gekl\u00e4rt ist.<\/p>\n\n\n\n<p>Die w\u00e4hrend des Absendevorgangs zus\u00e4tzlich erhobenen personenbezogenen Daten werden sp\u00e4testens nach einer Frist von sieben Tagen gel\u00f6scht. Die Nutzerin oder der Nutzer hat jederzeit die M\u00f6glichkeit, die Einwilligung zur Verarbeitung der personenbezogenen Daten zu widerrufen. Nimmt die Nutzerin oder der Nutzer per E-Mail Kontakt mit uns auf, so kann der Speicherung der personenbezogenen Daten jederzeit widersprochen werden. In einem solchen Fall kann die Konversation nicht fortgef\u00fchrt werden.<br><br><strong>Newsletter-Abonnement:<br><\/strong>Das Fotolabor bietet Ihnen einen Newsletter an, in welchem Sie \u00fcber aktuelle Geschehnisse und Angebote informiert werden. M\u00f6chten Sie den Newsletter abonnieren, m\u00fcssen Sie eine valide E-Mail-Adresse angeben.<br>Rechte des Nutzers: Auskunft, Berichtigung und L\u00f6schung<br>Sie als Nutzerin oder Nutzer erhalten auf Antrag Ihrerseits kostenlose Auskunft dar\u00fcber, welche personenbezogenen Daten \u00fcber Sie gespeichert wurden. Sofern Ihr Wunsch nicht mit einer gesetzlichen Pflicht zur Aufbewahrung von Daten (z. B. Vorratsdatenspeicherung) kollidiert, haben Sie ein Anrecht auf Berichtigung falscher Daten und auf die Sperrung oder L\u00f6schung Ihrer personenbezogenen Daten.<\/p>\n","protected":false},"excerpt":{"rendered":"<p>Erika KifflDegerstr. 29D-40235 D\u00fcsseldorf Phone: +49 (0)211 588544 mail@schwarzweiss-fotolabor.de Schwarzwei\u00df FotolaborAlbertstra\u00dfe 113D-40233 D\u00fcsseldorf Links www.kunstpalast.de\/de\/museum\/sammlung\/forschung-und-dokumentation\/aforkwww.antiquariat-querido.de\/ Haftungshinweis zu externen Links Datenschutz Die Betreiber der Seite der K\u00fcnstlerin Erika Kiffl nimmt den Schutz Ihrer personenbezogenen Daten sehr ernst und h\u00e4lt sich strikt an die Regeln der EU-Datenschutzgrundverordnung. Personenbezogene Daten werden auf dieser Webseite nur im technisch notwendigen [&hellip;]<\/p>\n","protected":false},"author":1,"featured_media":0,"parent":0,"menu_order":0,"comment_status":"closed","ping_status":"open","template":"","meta":{"footnotes":""},"class_list":["post-3","page","type-page","status-publish","hentry"],"_links":{"self":[{"href":"https:\/\/erikakiffl.com\/gerhardrichter\/wp-json\/wp\/v2\/pages\/3","targetHints":{"allow":["GET"]}}],"collection":[{"href":"https:\/\/erikakiffl.com\/gerhardrichter\/wp-json\/wp\/v2\/pages"}],"about":[{"href":"https:\/\/erikakiffl.com\/gerhardrichter\/wp-json\/wp\/v2\/types\/page"}],"author":[{"embeddable":true,"href":"https:\/\/erikakiffl.com\/gerhardrichter\/wp-json\/wp\/v2\/users\/1"}],"replies":[{"embeddable":true,"href":"https:\/\/erikakiffl.com\/gerhardrichter\/wp-json\/wp\/v2\/comments?post=3"}],"version-history":[{"count":7,"href":"https:\/\/erikakiffl.com\/gerhardrichter\/wp-json\/wp\/v2\/pages\/3\/revisions"}],"predecessor-version":[{"id":465,"href":"https:\/\/erikakiffl.com\/gerhardrichter\/wp-json\/wp\/v2\/pages\/3\/revisions\/465"}],"wp:attachment":[{"href":"https:\/\/erikakiffl.com\/gerhardrichter\/wp-json\/wp\/v2\/media?parent=3"}],"curies":[{"name":"wp","href":"https:\/\/api.w.org\/{rel}","templated":true}]}}